{"id":118,"date":"2024-03-14T12:35:34","date_gmt":"2024-03-14T12:35:34","guid":{"rendered":"http:\/\/hqc-law.test\/?page_id=118"},"modified":"2025-11-17T13:39:33","modified_gmt":"2025-11-17T13:39:33","slug":"gioi-thieu","status":"publish","type":"page","link":"https:\/\/hqclaw.com\/en\/gioi-thieu\/","title":{"rendered":"ABOUT US"},"content":{"rendered":"<div class=\"wp-block-image\">\n<figure class=\"aligncenter size-full\"><img loading=\"lazy\" decoding=\"async\" width=\"335\" height=\"197\" src=\"http:\/\/hqc-law.test\/wp-content\/uploads\/2024\/03\/logo-3-2.png\" alt=\"\" class=\"wp-image-131\" srcset=\"https:\/\/hqclaw.com\/wp-content\/uploads\/2024\/03\/logo-3-2.png 335w, https:\/\/hqclaw.com\/wp-content\/uploads\/2024\/03\/logo-3-2-300x176.png 300w\" sizes=\"auto, (max-width: 335px) 100vw, 335px\" \/><\/figure>\n<\/div>\n\n\n<hr class=\"wp-block-separator has-text-color has-white-color has-alpha-channel-opacity has-white-background-color has-background\"\/>\n\n\n\n<p>HQC LAW FIRM is a consulting law company in investment - business field. We provide intensive and professional legal services in Viet Nam. With the motto of maintaining reputation and image to honor the trust of customers, HQC always attempts to gain experience and become more professional consulting company in many areas to meet the customers\u2019 needs<\/p>\n\n\n<div class=\"wp-block-image\">\n<figure class=\"aligncenter size-large is-resized\"><img loading=\"lazy\" decoding=\"async\" width=\"1024\" height=\"768\" src=\"http:\/\/hqc-law.test\/wp-content\/uploads\/2024\/03\/TEAM-1-1024x768.jpg\" alt=\"\" class=\"wp-image-52\" style=\"width:1200px\" srcset=\"https:\/\/hqclaw.com\/wp-content\/uploads\/2024\/03\/TEAM-1-1024x768.jpg 1024w, https:\/\/hqclaw.com\/wp-content\/uploads\/2024\/03\/TEAM-1-300x225.jpg 300w, https:\/\/hqclaw.com\/wp-content\/uploads\/2024\/03\/TEAM-1-768x576.jpg 768w, https:\/\/hqclaw.com\/wp-content\/uploads\/2024\/03\/TEAM-1.jpg 1280w\" sizes=\"auto, (max-width: 1024px) 100vw, 1024px\" \/><\/figure>\n<\/div>\n\n\n<hr class=\"wp-block-separator has-text-color has-white-color has-alpha-channel-opacity has-white-background-color has-background\"\/>\n\n\n\n<p>HQC consists of a team of young, enthusiastic and creative lawyers and consultants who are the key factor to fulfill the sustainable development strategy. With a point of view that all legal situations always have radically solutions, HQC finds that the law of constantly movement is the key to open the knot of every problem of each client.<\/p>\n\n\n\n<hr class=\"wp-block-separator has-text-color has-accent-color has-alpha-channel-opacity has-accent-background-color has-background is-style-wide\"\/>\n\n\n\n<h3 class=\"wp-block-heading has-text-align-center\">ADMINISTRATIVE SYSTEM<\/h3>\n\n\n\n<hr class=\"wp-block-separator aligncenter has-text-color has-accent-color has-alpha-channel-opacity has-accent-background-color has-background is-style-default\"\/>\n\n\n\n<div class=\"wp-block-columns is-layout-flex wp-container-core-columns-is-layout-28f84493 wp-block-columns-is-layout-flex\">\n<div class=\"wp-block-column is-layout-flow wp-block-column-is-layout-flow\">\n<p><strong>Head Office<\/strong>: No. 102 Le Hoan street, Ha Nam ward, Ninh Binh province. <a href=\"https:\/\/maps.app.goo.gl\/3nyNUJkVvXnLsBNu5\" data-type=\"link\" data-id=\"https:\/\/maps.app.goo.gl\/3nyNUJkVvXnLsBNu5\" target=\"_blank\" rel=\"noreferrer noopener\">[DIRECTIONS]<\/a><\/p>\n\n\n\n<p>Tel: <a href=\"tel:0905889288\">0905.889.288<\/a><\/p>\n\n\n\n<p>Email: <a href=\"mailto:hqc@hqclaw.com\" target=\"_blank\" rel=\"noreferrer noopener\">hqc@hqclaw.com<\/a><br> <\/p>\n\n\n\n<iframe src=\"https:\/\/www.google.com\/maps\/embed?pb=!1m18!1m12!1m3!1d3735.734071355955!2d105.91717987665531!3d20.558058780976182!2m3!1f0!2f0!3f0!3m2!1i1024!2i768!4f13.1!3m3!1m2!1s0x3135ce35abe6288d%3A0x753d4d231f3d1f7!2zMTAyIEzDqiBIb8OgbiwgTGFtIEh1bmcsIFBo4bunIEzDvSwgSMOgIE5hbSA0MDAwMDAsIFZp4buHdCBOYW0!5e0!3m2!1svi!2s!4v1739458506460!5m2!1svi!2s\" width=\"100%\" height=\"450\" style=\"border:0;\" allowfullscreen=\"\" loading=\"lazy\" referrerpolicy=\"no-referrer-when-downgrade\"><\/iframe>\n<\/div>\n\n\n\n<div class=\"wp-block-column is-layout-flow wp-block-column-is-layout-flow\">\n<p><strong>HQC Ha Noi<\/strong>: Apartment No.07-08, 22nd floor, Building C2 D'Capitale, 119 Tran Duy Hung, Yen Hoa ward, Hanoi. [<a href=\"https:\/\/maps.app.goo.gl\/cN7hB1L4gJ1cmgE19\" target=\"_blank\" rel=\"noreferrer noopener\">DIRECTIONS<\/a>]<\/p>\n\n\n\n<p>Tel: <a href=\"tel:02463299765\">0246.3299765<\/a><\/p>\n\n\n\n<p>Email: <a href=\"mailto:hqc@hqclaw.com\" target=\"_blank\" rel=\"noreferrer noopener\">hqc@hqclaw.com<\/a> \/ <a href=\"mailto:consultinghqc@gmail.com\" target=\"_blank\" rel=\"noreferrer noopener\">consultinghqc@gmail.com<\/a><br><\/p>\n\n\n\n<iframe src=\"https:\/\/www.google.com\/maps\/embed?pb=!1m18!1m12!1m3!1d3724.7057321167754!2d105.7919182765889!3d21.004429788611304!2m3!1f0!2f0!3f0!3m2!1i1024!2i768!4f13.1!3m3!1m2!1s0x3135aca5835913d9%3A0x371f57fc87b4346c!2zVG_DoCBDMiAtIEQnQ2FwaXRhbGUsIDExOSDEkC4gVHLhuqduIER1eSBIxrBuZywgVHJ1bmcgSG_DoCwgQ-G6p3UgR2nhuqV5LCBIw6AgTuG7mWkgMTAwMDAwLCBWaeG7h3QgTmFt!5e0!3m2!1svi!2s!4v1763386332877!5m2!1svi!2s\" width=\"100%\" height=\"450\" style=\"border:0;\" allowfullscreen=\"\" loading=\"lazy\" referrerpolicy=\"no-referrer-when-downgrade\"><\/iframe>\n<\/div>\n<\/div>\n\n\n\n<hr class=\"wp-block-separator has-text-color has-accent-color has-alpha-channel-opacity has-accent-background-color has-background is-style-wide\"\/>\n\n\n\n<div class=\"wp-block-columns is-layout-flex wp-container-core-columns-is-layout-28f84493 wp-block-columns-is-layout-flex\">\n<div class=\"wp-block-column is-layout-flow wp-block-column-is-layout-flow\">\n<p><strong>HQC Ho Chi Minh<\/strong>: 4th floor, 661 Luy Ban Bich, Tan Phu ward. [<a href=\"https:\/\/maps.app.goo.gl\/Ti2VMKzN6cez5SLaA\" target=\"_blank\" rel=\"noreferrer noopener\">DIRECTIONS<\/a>]<\/p>\n\n\n\n<p>Tel: <a href=\"tel:0974523066\" target=\"_blank\" rel=\"noreferrer noopener\">0974.523.066<\/a> <\/p>\n\n\n\n<p>Email: <a href=\"mailto:hcm@hqclaw.com\" target=\"_blank\" rel=\"noreferrer noopener\">hcm@hqclaw.com<\/a><\/p>\n\n\n\n<iframe src=\"https:\/\/www.google.com\/maps\/embed?pb=!1m18!1m12!1m3!1d3919.4006253781995!2d106.63083828932045!3d10.780596731715955!2m3!1f0!2f0!3f0!3m2!1i1024!2i768!4f13.1!3m3!1m2!1s0x31752ea5e7cdde8d%3A0x423251cfc97c680e!2zNjYxIMSQLiBMxal5IELDoW4gQsOtY2gsIEjDsmEgVGjhuqFuaCwgVMOibiBQaMO6LCBUaMOgbmggcGjhu5EgSOG7kyBDaMOtIE1pbmggNzAwMDAwLCBWaeG7h3QgTmFt!5e0!3m2!1svi!2s!4v1763386478532!5m2!1svi!2s\" width=\"100%\" height=\"450\" style=\"border:0;\" allowfullscreen=\"\" loading=\"lazy\" referrerpolicy=\"no-referrer-when-downgrade\"><\/iframe>\n<\/div>\n\n\n\n<div class=\"wp-block-column is-layout-flow wp-block-column-is-layout-flow\">\n<p><strong>HQC Bac Ninh<\/strong>: 2nd floor, No. 508, Than Nhan Trung street, Viet Yen ward, Bac Ninh province. [<a href=\"https:\/\/maps.app.goo.gl\/SrvNxfRDtWQ46zWj7\" target=\"_blank\" rel=\"noreferrer noopener\">DIRECTIONS<\/a>]<\/p>\n\n\n\n<p>Tel: <a href=\"tel:0984912066\" target=\"_blank\" rel=\"noreferrer noopener\">0984.912.066<\/a> <\/p>\n\n\n\n<p>Email: <a href=\"mailto:bg@hqclaw.com\" target=\"_blank\" rel=\"noreferrer noopener\">bg@hqclaw.com<\/a><\/p>\n\n\n\n<iframe src=\"https:\/\/www.google.com\/maps\/embed?pb=!1m18!1m12!1m3!1d1647.8607837540947!2d106.69343417182809!3d10.788661808545932!2m3!1f0!2f0!3f0!3m2!1i1024!2i768!4f13.1!3m3!1m2!1s0x31752f01e702043d%3A0x6519ede13648c97a!2zQ8O0bmcgdHkgTHXhuq10IEhRQyAtIENoaSBuaMOhbmggdOG6oWkgVFAuIEjhu5MgQ2jDrSBNaW5o!5e0!3m2!1svi!2s!4v1710684495435!5m2!1svi!2s\" width=\"100%\" height=\"450\" style=\"border:0;\" allowfullscreen=\"\" loading=\"lazy\" referrerpolicy=\"no-referrer-when-downgrade\"><\/iframe>\n<\/div>\n<\/div>\n\n\n\n<hr class=\"wp-block-separator has-text-color has-accent-color has-alpha-channel-opacity has-accent-background-color has-background is-style-wide\"\/>\n\n\n\n<div class=\"wp-block-columns is-layout-flex wp-container-core-columns-is-layout-28f84493 wp-block-columns-is-layout-flex\">\n<div class=\"wp-block-column is-layout-flow wp-block-column-is-layout-flow\">\n<p><strong>HQC Hai Phong<\/strong>: No.8A, Alley 17, Kieu Son Street, Hai An ward, Hai Phong city.<br>[<a href=\"https:\/\/maps.app.goo.gl\/GBiE66RawrAt7tmf7\" data-type=\"link\" data-id=\"https:\/\/maps.app.goo.gl\/GBiE66RawrAt7tmf7\">DIRECTIONS<\/a>]<\/p>\n\n\n\n<p>Tel: <a href=\"tel:0901568868\">0901.568.868<\/a><\/p>\n\n\n\n<p>Email: <a href=\"mailto:hp@hqclaw.com\" target=\"_blank\" rel=\"noreferrer noopener\">hp@hqclaw.com<\/a><\/p>\n\n\n\n<iframe src=\"https:\/\/www.google.com\/maps\/embed?pb=!1m18!1m12!1m3!1d3728.766167865979!2d106.70208919025097!3d20.8411468311573!2m3!1f0!2f0!3f0!3m2!1i1024!2i768!4f13.1!3m3!1m2!1s0x314a7aa4f3573203%3A0x583c965767a0a622!2zMTcgS2nhu4F1IFPGoW4sIMSQ4bqxbmcgTMOibSwgTmfDtCBRdXnhu4FuLCBI4bqjaSBQaMOybmcsIFZp4buHdCBOYW0!5e0!3m2!1svi!2s!4v1739889003324!5m2!1svi!2s\" width=\"600\" height=\"450\" style=\"border:0;\" allowfullscreen=\"\" loading=\"lazy\" referrerpolicy=\"no-referrer-when-downgrade\"><\/iframe>\n<\/div>\n\n\n\n<div class=\"wp-block-column is-layout-flow wp-block-column-is-layout-flow\">\n<p><strong>HQC Da Nang<\/strong> (In partnership with ATG Law Firm): Room 601, S-Home Building, No. 186, 30\/4 Street, Hoa Cuong ward, Da Nang city. [<a href=\"https:\/\/maps.app.goo.gl\/NDk4FH82TapewSas6\" data-type=\"link\" data-id=\"https:\/\/maps.app.goo.gl\/NDk4FH82TapewSas6\" target=\"_blank\" rel=\"noreferrer noopener\">DIRECTIONS<\/a>]<\/p>\n\n\n\n<p>Tel: <a href=\"tel:0977774044\">0977.774.044<\/a><\/p>\n\n\n\n<p>Email: <a href=\"mailto:dn@hqclaw.com\" target=\"_blank\" rel=\"noreferrer noopener\">dn@hqclaw.com<\/a><\/p>\n\n\n\n<iframe src=\"https:\/\/www.google.com\/maps\/embed?pb=!1m18!1m12!1m3!1d3834.4790266793707!2d108.21549127658409!3d16.04061318463482!2m3!1f0!2f0!3f0!3m2!1i1024!2i768!4f13.1!3m3!1m2!1s0x314219ea6ecb3c65%3A0x641da1e64c583261!2zxJAuIDMwLzQvMTg2IDMwIFRow6FuZyA0LCBIb8OgIEPGsOG7nW5nIELhuq9jLCBI4bqjaSBDaMOidSwgxJDDoCBO4bq1bmcsIFZp4buHdCBOYW0!5e0!3m2!1svi!2s!4v1739889160780!5m2!1svi!2s\" width=\"600\" height=\"450\" style=\"border:0;\" allowfullscreen=\"\" loading=\"lazy\" referrerpolicy=\"no-referrer-when-downgrade\"><\/iframe>\n<\/div>\n<\/div>\n\n\n\n<hr class=\"wp-block-separator has-text-color has-accent-color has-alpha-channel-opacity has-accent-background-color has-background is-style-wide\"\/>\n\n\n\n<p>With the principle of maximum protection of customer rights, HQC always has the\nresponsibility of absolutely information security in all transactions. The advantage of\nyouth, sharp intellectual, professional liability and an opinion about the reasonably and\ncompetitive service charge, HQC confident that:<\/p>\n\n\n\n<h2 class=\"wp-block-heading has-text-align-center has-accent-color has-text-color has-link-color wp-elements-3619d4a63408a53038848fa92e38a925\"><em><mark style=\"background-color:rgba(0, 0, 0, 0)\" class=\"has-inline-color has-accent-color\">\u201cThe success of the customer \u2013 The assertion of HQC\u201d<\/mark><\/em><\/h2>\n\n\n\n<hr class=\"wp-block-separator has-text-color has-white-color has-alpha-channel-opacity has-white-background-color has-background\"\/>","protected":false},"excerpt":{"rendered":"<p>C\u00f4ng ty Lu\u1eadt HQC (HQC Law Firm) l\u00e0 m\u1ed9t \u0111\u01a1n v\u1ecb t\u01b0 v\u1ea5n ph\u00e1p lu\u1eadt \u0111\u1ea7u t\u01b0 \u2013 kinh doanh, cung c\u1ea5p d\u1ecbch v\u1ee5 ph\u00e1p l\u00fd chuy\u00ean s\u00e2u v\u00e0 chuy\u00ean nghi\u1ec7p t\u1ea1i Vi\u1ec7t Nam. V\u1edbi ph\u01b0\u01a1ng ch\u00e2m gi\u1eef g\u00ecn uy t\u00edn v\u00e0 h\u00ecnh \u1ea3nh \u0111\u1ec3 t\u00f4n vinh s\u1ef1 t\u00edn nhi\u1ec7m [&hellip;]<\/p>","protected":false},"author":1,"featured_media":0,"parent":0,"menu_order":0,"comment_status":"closed","ping_status":"closed","template":"page-templates\/template-fullwidth.php","meta":{"footnotes":""},"class_list":["post-118","page","type-page","status-publish","hentry"],"_links":{"self":[{"href":"https:\/\/hqclaw.com\/en\/wp-json\/wp\/v2\/pages\/118","targetHints":{"allow":["GET"]}}],"collection":[{"href":"https:\/\/hqclaw.com\/en\/wp-json\/wp\/v2\/pages"}],"about":[{"href":"https:\/\/hqclaw.com\/en\/wp-json\/wp\/v2\/types\/page"}],"author":[{"embeddable":true,"href":"https:\/\/hqclaw.com\/en\/wp-json\/wp\/v2\/users\/1"}],"replies":[{"embeddable":true,"href":"https:\/\/hqclaw.com\/en\/wp-json\/wp\/v2\/comments?post=118"}],"version-history":[{"count":69,"href":"https:\/\/hqclaw.com\/en\/wp-json\/wp\/v2\/pages\/118\/revisions"}],"predecessor-version":[{"id":965,"href":"https:\/\/hqclaw.com\/en\/wp-json\/wp\/v2\/pages\/118\/revisions\/965"}],"wp:attachment":[{"href":"https:\/\/hqclaw.com\/en\/wp-json\/wp\/v2\/media?parent=118"}],"curies":[{"name":"wp","href":"https:\/\/api.w.org\/{rel}","templated":true}]}}